{"id":205,"date":"2023-03-08T03:00:15","date_gmt":"2023-03-07T20:00:15","guid":{"rendered":"http:\/\/du.maichephumy.com\/?post_type=product&#038;p=205"},"modified":"2023-03-28T09:33:28","modified_gmt":"2023-03-28T02:33:28","slug":"du-che-lech-tam-vuong-kt-2-5m","status":"publish","type":"product","link":"https:\/\/duchedanang.com\/?product=du-che-lech-tam-vuong-kt-2-5m","title":{"rendered":"D\u00f9 che l\u1ec7ch t\u00e2m vu\u00f4ng 3,5mx3,5m"},"content":{"rendered":"<p>D\u00f9 che l\u1ec7ch t\u00e2m vu\u00f4ng c\u00f3 k\u00edch th\u01b0\u1edbc 2,5m l\u00e0 m\u1ed9t s\u1ea3n ph\u1ea9m d\u00f9 che cao c\u1ea5p c\u1ee7a c\u00f4ng ty\u00a0 Ph\u00fa M\u1ef9, \u0111\u01b0\u1ee3c thi\u1ebft k\u1ebf v\u1edbi h\u00ecnh vu\u00f4ng v\u00e0 \u0111\u01b0\u1eddng k\u00ednh d\u00f9 che l\u1ec7ch t\u00e2m t\u1ea1o n\u00ean m\u1ed9t kh\u00f4ng gian tho\u00e1ng m\u00e1t, \u0111\u1eb9p m\u1eaft v\u00e0 chuy\u00ean nghi\u1ec7p cho c\u00e1c s\u1ef1 ki\u1ec7n ngo\u00e0i tr\u1eddi. V\u1edbi k\u00edch th\u01b0\u1edbc 2,5m, d\u00f9 che l\u1ec7ch t\u00e2m vu\u00f4ng n\u00e0y c\u00f3 th\u1ec3 che ch\u1eafn \u0111\u01b0\u1ee3c di\u1ec7n t\u00edch r\u1ed9ng h\u01a1n so v\u1edbi c\u00e1c s\u1ea3n ph\u1ea9m d\u00f9 che truy\u1ec1n th\u1ed1ng kh\u00e1c.<\/p>\n<p>S\u1ea3n ph\u1ea9m n\u00e0y \u0111\u01b0\u1ee3c l\u00e0m t\u1eeb ch\u1ea5t li\u1ec7u v\u1ea3i ch\u1ed1ng th\u1ea5m t\u1ed1t, ch\u1ed1ng tia UV, kh\u1ea3 n\u0103ng ch\u1ecbu gi\u00f3 v\u00e0 ch\u1ecbu n\u1eafng t\u1ed1t, \u0111\u1ea3m b\u1ea3o s\u1ef1 ti\u1ec7n l\u1ee3i v\u00e0 an to\u00e0n trong s\u1eed d\u1ee5ng. \u0110\u1eb7c bi\u1ec7t, v\u1edbi thi\u1ebft k\u1ebf l\u1ec7ch t\u00e2m vu\u00f4ng \u0111\u1ed9c \u0111\u00e1o, d\u00f9 che n\u00e0y c\u00f3 kh\u1ea3 n\u0103ng che ch\u1eafn t\u1ed1t h\u01a1n so v\u1edbi c\u00e1c lo\u1ea1i d\u00f9 che truy\u1ec1n th\u1ed1ng kh\u00e1c, \u0111\u1ed3ng th\u1eddi t\u1ea1o ra kh\u00f4ng gian r\u1ed9ng r\u00e3i h\u01a1n cho c\u00e1c ho\u1ea1t \u0111\u1ed9ng s\u1ef1 ki\u1ec7n.<\/p>\n<p>B\u00ean c\u1ea1nh \u0111\u00f3, d\u00f9 che l\u1ec7ch t\u00e2m vu\u00f4ng k\u00edch th\u01b0\u1edbc 2,5m c\u00f2n \u0111\u01b0\u1ee3c cung c\u1ea5p v\u1edbi nhi\u1ec1u m\u00e0u s\u1eafc kh\u00e1c nhau, gi\u00fap kh\u00e1ch h\u00e0ng d\u1ec5 d\u00e0ng l\u1ef1a ch\u1ecdn s\u1ea3n ph\u1ea9m ph\u00f9 h\u1ee3p v\u1edbi y\u00eau c\u1ea7u v\u00e0 kh\u00f4ng gian t\u1ed5 ch\u1ee9c s\u1ef1 ki\u1ec7n c\u1ee7a m\u00ecnh. V\u1edbi nh\u1eefng \u01b0u \u0111i\u1ec3m n\u1ed5i b\u1eadt v\u1ec1 t\u00ednh n\u0103ng, th\u1ea9m m\u1ef9 v\u00e0 s\u1ef1 ti\u1ec7n l\u1ee3i, d\u00f9 che l\u1ec7ch t\u00e2m vu\u00f4ng k\u00edch th\u01b0\u1edbc 2,5m c\u1ee7a Ph\u00fa M\u1ef9 ch\u1eafc ch\u1eafn s\u1ebd l\u00e0 l\u1ef1a ch\u1ecdn h\u00e0ng \u0111\u1ea7u c\u1ee7a nh\u1eefng ai mong mu\u1ed1n t\u1ea1o n\u00ean kh\u00f4ng gian ngo\u00e0i tr\u1eddi \u0111\u1eb9p m\u1eaft, chuy\u00ean nghi\u1ec7p v\u00e0 an to\u00e0n cho c\u00e1c s\u1ef1 ki\u1ec7n c\u1ee7a m\u00ecnh.<\/p>\n","protected":false},"excerpt":{"rendered":"<p>D\u00f9 che l\u1ec7ch t\u00e2m vu\u00f4ng c\u00f3 k\u00edch th\u01b0\u1edbc 2,5m l\u00e0 m\u1ed9t s\u1ea3n ph\u1ea9m d\u00f9 che cao c\u1ea5p c\u1ee7a c\u00f4ng ty\u00a0 Ph\u00fa M\u1ef9, \u0111\u01b0\u1ee3c thi\u1ebft k\u1ebf v\u1edbi h\u00ecnh vu\u00f4ng v\u00e0 \u0111\u01b0\u1eddng k\u00ednh d\u00f9 che l\u1ec7ch t\u00e2m t\u1ea1o n\u00ean m\u1ed9t kh\u00f4ng gian tho\u00e1ng m\u00e1t, \u0111\u1eb9p m\u1eaft v\u00e0 chuy\u00ean nghi\u1ec7p cho c\u00e1c s\u1ef1 ki\u1ec7n ngo\u00e0i tr\u1eddi. V\u1edbi k\u00edch [&hellip;]<\/p>\n","protected":false},"featured_media":187,"comment_status":"open","ping_status":"closed","template":"","meta":[],"product_cat":[19],"product_tag":[],"class_list":{"0":"post-205","1":"product","2":"type-product","3":"status-publish","4":"has-post-thumbnail","6":"product_cat-du-che-lech-tam-vuong","8":"first","9":"instock","10":"shipping-taxable","11":"product-type-simple"},"_links":{"self":[{"href":"https:\/\/duchedanang.com\/index.php?rest_route=\/wp\/v2\/product\/205","targetHints":{"allow":["GET"]}}],"collection":[{"href":"https:\/\/duchedanang.com\/index.php?rest_route=\/wp\/v2\/product"}],"about":[{"href":"https:\/\/duchedanang.com\/index.php?rest_route=\/wp\/v2\/types\/product"}],"replies":[{"embeddable":true,"href":"https:\/\/duchedanang.com\/index.php?rest_route=%2Fwp%2Fv2%2Fcomments&post=205"}],"wp:featuredmedia":[{"embeddable":true,"href":"https:\/\/duchedanang.com\/index.php?rest_route=\/wp\/v2\/media\/187"}],"wp:attachment":[{"href":"https:\/\/duchedanang.com\/index.php?rest_route=%2Fwp%2Fv2%2Fmedia&parent=205"}],"wp:term":[{"taxonomy":"product_cat","embeddable":true,"href":"https:\/\/duchedanang.com\/index.php?rest_route=%2Fwp%2Fv2%2Fproduct_cat&post=205"},{"taxonomy":"product_tag","embeddable":true,"href":"https:\/\/duchedanang.com\/index.php?rest_route=%2Fwp%2Fv2%2Fproduct_tag&post=205"}],"curies":[{"name":"wp","href":"https:\/\/api.w.org\/{rel}","templated":true}]}}