{"id":206,"date":"2023-03-08T03:02:26","date_gmt":"2023-03-07T20:02:26","guid":{"rendered":"http:\/\/du.maichephumy.com\/?post_type=product&#038;p=206"},"modified":"2023-03-28T09:33:15","modified_gmt":"2023-03-28T02:33:15","slug":"du-che-lech-tam-vuong-kt-3m","status":"publish","type":"product","link":"https:\/\/duchedanang.com\/?product=du-che-lech-tam-vuong-kt-3m","title":{"rendered":"D\u00f9 che l\u1ec7ch t\u00e2m vu\u00f4ng 3mx3m"},"content":{"rendered":"<p>D\u00f9 che l\u1ec7ch t\u00e2m vu\u00f4ng k\u00edch th\u01b0\u1edbc 3m l\u00e0 m\u1ed9t s\u1ea3n ph\u1ea9m ch\u1ea5t l\u01b0\u1ee3ng cao c\u1ee7a c\u00f4ng ty TNHH Qu\u1ea3ng C\u00e1o S\u1ef1 Ki\u1ec7n Ph\u00fa M\u1ef9, \u0111\u01b0\u1ee3c thi\u1ebft k\u1ebf \u0111\u1ec3 che ch\u1eafn v\u00e0 b\u1ea3o v\u1ec7 kh\u1ecfi \u00e1nh n\u1eafng v\u00e0 m\u01b0a cho c\u00e1c s\u1ef1 ki\u1ec7n ngo\u00e0i tr\u1eddi. V\u1edbi k\u00edch th\u01b0\u1edbc 3m, s\u1ea3n ph\u1ea9m n\u00e0y c\u00f3 kh\u1ea3 n\u0103ng che ch\u1eafn m\u1ed9t di\u1ec7n t\u00edch l\u1edbn h\u01a1n so v\u1edbi c\u00e1c lo\u1ea1i d\u00f9 che th\u00f4ng th\u01b0\u1eddng.<\/p>\n<p>S\u1ea3n ph\u1ea9m n\u00e0y \u0111\u01b0\u1ee3c l\u00e0m t\u1eeb ch\u1ea5t li\u1ec7u v\u1ea3i ch\u1ed1ng th\u1ea5m, ch\u1ed1ng tia UV v\u00e0 kh\u1ea3 n\u0103ng ch\u1ecbu gi\u00f3 t\u1ed1t, \u0111\u1ea3m b\u1ea3o s\u1ef1 an to\u00e0n v\u00e0 ti\u1ec7n l\u1ee3i trong s\u1eed d\u1ee5ng. V\u1edbi thi\u1ebft k\u1ebf l\u1ec7ch t\u00e2m vu\u00f4ng \u0111\u1ed9c \u0111\u00e1o, d\u00f9 che n\u00e0y kh\u00f4ng ch\u1ec9 t\u1ea1o ra m\u1ed9t kh\u00f4ng gian r\u1ed9ng r\u00e3i, m\u00e0 c\u00f2n c\u00f3 kh\u1ea3 n\u0103ng ch\u1ed1ng l\u1ea1i gi\u00f3 m\u1ea1nh, gi\u00fap gi\u1ea3m thi\u1ec3u t\u1ed1i \u0111a t\u00e1c \u0111\u1ed9ng c\u1ee7a th\u1eddi ti\u1ebft b\u00ean ngo\u00e0i.<\/p>\n<p>B\u00ean c\u1ea1nh \u0111\u00f3, d\u00f9 che l\u1ec7ch t\u00e2m vu\u00f4ng k\u00edch th\u01b0\u1edbc 3m c\u00f2n \u0111\u01b0\u1ee3c cung c\u1ea5p v\u1edbi nhi\u1ec1u m\u00e0u s\u1eafc kh\u00e1c nhau, gi\u00fap kh\u00e1ch h\u00e0ng c\u00f3 nhi\u1ec1u l\u1ef1a ch\u1ecdn h\u01a1n khi t\u00f9y ch\u1ec9nh cho kh\u00f4ng gian s\u1ef1 ki\u1ec7n c\u1ee7a m\u00ecnh. S\u1ea3n ph\u1ea9m n\u00e0y th\u01b0\u1eddng \u0111\u01b0\u1ee3c s\u1eed d\u1ee5ng cho c\u00e1c ho\u1ea1t \u0111\u1ed9ng ngo\u00e0i tr\u1eddi nh\u01b0 h\u1ed9i ch\u1ee3, tri\u1ec3n l\u00e3m, ti\u1ec7c n\u01b0\u1edbng ngo\u00e0i tr\u1eddi, s\u1ef1 ki\u1ec7n gi\u1ea3i tr\u00ed, &#8230;<\/p>\n<p>T\u00f3m l\u1ea1i, d\u00f9 che l\u1ec7ch t\u00e2m vu\u00f4ng k\u00edch th\u01b0\u1edbc 3m c\u1ee7a Ph\u00fa M\u1ef9 l\u00e0 m\u1ed9t s\u1ea3n ph\u1ea9m ch\u1ea5t l\u01b0\u1ee3ng cao, \u0111\u00e1p \u1ee9ng nhu c\u1ea7u che ch\u1eafn v\u00e0 b\u1ea3o v\u1ec7 cho c\u00e1c ho\u1ea1t \u0111\u1ed9ng s\u1ef1 ki\u1ec7n ngo\u00e0i tr\u1eddi. V\u1edbi thi\u1ebft k\u1ebf \u0111\u1ed9c \u0111\u00e1o, t\u00ednh n\u0103ng ch\u1ed1ng th\u1ea5m, ch\u1ed1ng tia UV, v\u00e0 kh\u1ea3 n\u0103ng ch\u1ecbu gi\u00f3 t\u1ed1t, s\u1ea3n ph\u1ea9m n\u00e0y s\u1ebd l\u00e0 l\u1ef1a ch\u1ecdn ho\u00e0n h\u1ea3o cho nh\u1eefng ai mu\u1ed1n t\u1ea1o ra kh\u00f4ng gian ngo\u00e0i tr\u1eddi \u0111\u1eb9p m\u1eaft, chuy\u00ean nghi\u1ec7p v\u00e0 an to\u00e0n.<\/p>\n","protected":false},"excerpt":{"rendered":"<p>D\u00f9 che l\u1ec7ch t\u00e2m vu\u00f4ng k\u00edch th\u01b0\u1edbc 3m l\u00e0 m\u1ed9t s\u1ea3n ph\u1ea9m ch\u1ea5t l\u01b0\u1ee3ng cao c\u1ee7a c\u00f4ng ty TNHH Qu\u1ea3ng C\u00e1o S\u1ef1 Ki\u1ec7n Ph\u00fa M\u1ef9, \u0111\u01b0\u1ee3c thi\u1ebft k\u1ebf \u0111\u1ec3 che ch\u1eafn v\u00e0 b\u1ea3o v\u1ec7 kh\u1ecfi \u00e1nh n\u1eafng v\u00e0 m\u01b0a cho c\u00e1c s\u1ef1 ki\u1ec7n ngo\u00e0i tr\u1eddi. V\u1edbi k\u00edch th\u01b0\u1edbc 3m, s\u1ea3n ph\u1ea9m n\u00e0y c\u00f3 kh\u1ea3 n\u0103ng [&hellip;]<\/p>\n","protected":false},"featured_media":191,"comment_status":"open","ping_status":"closed","template":"","meta":[],"product_cat":[19],"product_tag":[],"class_list":{"0":"post-206","1":"product","2":"type-product","3":"status-publish","4":"has-post-thumbnail","6":"product_cat-du-che-lech-tam-vuong","8":"first","9":"instock","10":"shipping-taxable","11":"product-type-simple"},"_links":{"self":[{"href":"https:\/\/duchedanang.com\/index.php?rest_route=\/wp\/v2\/product\/206","targetHints":{"allow":["GET"]}}],"collection":[{"href":"https:\/\/duchedanang.com\/index.php?rest_route=\/wp\/v2\/product"}],"about":[{"href":"https:\/\/duchedanang.com\/index.php?rest_route=\/wp\/v2\/types\/product"}],"replies":[{"embeddable":true,"href":"https:\/\/duchedanang.com\/index.php?rest_route=%2Fwp%2Fv2%2Fcomments&post=206"}],"wp:featuredmedia":[{"embeddable":true,"href":"https:\/\/duchedanang.com\/index.php?rest_route=\/wp\/v2\/media\/191"}],"wp:attachment":[{"href":"https:\/\/duchedanang.com\/index.php?rest_route=%2Fwp%2Fv2%2Fmedia&parent=206"}],"wp:term":[{"taxonomy":"product_cat","embeddable":true,"href":"https:\/\/duchedanang.com\/index.php?rest_route=%2Fwp%2Fv2%2Fproduct_cat&post=206"},{"taxonomy":"product_tag","embeddable":true,"href":"https:\/\/duchedanang.com\/index.php?rest_route=%2Fwp%2Fv2%2Fproduct_tag&post=206"}],"curies":[{"name":"wp","href":"https:\/\/api.w.org\/{rel}","templated":true}]}}