{"id":238,"date":"2023-03-17T07:15:27","date_gmt":"2023-03-17T00:15:27","guid":{"rendered":"http:\/\/du.maichephumy.com\/?post_type=product&#038;p=238"},"modified":"2023-03-28T09:34:45","modified_gmt":"2023-03-28T02:34:45","slug":"du-lech-tam-vuong-kieu-nghien","status":"publish","type":"product","link":"https:\/\/duchedanang.com\/?product=du-lech-tam-vuong-kieu-nghien","title":{"rendered":"D\u00f9 l\u1ec7ch t\u00e2m  vu\u00f4ng che nghi\u00eang 2.5mx2.5m, 3mx3m"},"content":{"rendered":"<h3><strong>1. TH\u00d4NG S\u1ed0 K\u1ef8 THU\u1eacT D\u00d9 L\u1ec6CH T\u00c2M VU\u00d4NG 1 T\u1ea6NG KI\u1ec2U NGHI\u00caNG<\/strong><strong>\u00a0<\/strong><\/h3>\n<table border=\"1\" width=\"500\" cellspacing=\"1\" cellpadding=\"1\">\n<tbody>\n<tr>\n<td><strong>Chi\u1ec1u r\u1ed9ng<\/strong><\/td>\n<td><strong>\u00a0Chi\u1ec1u cao<\/strong><\/td>\n<td><strong>Gi\u00e1 d\u00f9 (s\u1eaft s\u01a1n t\u0129nh \u0111i\u1ec7n)<\/strong><\/td>\n<\/tr>\n<tr>\n<td><strong>2.5m x 2.5m<\/strong><\/td>\n<td><strong>2.7m<\/strong><\/td>\n<td><strong>Li\u00ean h\u1ec7<\/strong><\/td>\n<\/tr>\n<tr>\n<td><strong>3.0m x 3.0m<\/strong><\/td>\n<td><strong>2.7m<\/strong><\/td>\n<td><strong>Li\u00ean h\u1ec7<\/strong><\/td>\n<\/tr>\n<\/tbody>\n<\/table>\n<h3><strong>2. CH\u1ea4T LI\u1ec6U V\u00c0 C\u1ea4U T\u1ea0O D\u00d9 L\u1ec6CH T\u00c2M VU\u00d4NG\u00a01 T\u1ea6NG KI\u1ec2U NGHI\u00caNG\u00a0<\/strong><strong>\u00a0<\/strong><\/h3>\n<p>&#8211; K\u1ebft c\u1ea5u\u00a0d\u00f9 l\u1ec7ch t\u00e2m vu\u00f4ng\u00a0c\u00f3 1 t\u1ea7ng. M\u00e1i d\u00f9 nghi\u00eang che theo h\u01b0\u1edbng n\u1eafng d\u1ec5 d\u00e0ng.<\/p>\n<p>&#8211; Chi\u1ec1u cao t\u00e1n d\u00f9 l\u00e0 2.2m. Chi\u1ec1u cao \u0111\u1ec9nh d\u00f9 l\u00e0 2.7m.<\/p>\n<p>&#8211; Th\u00e2n tr\u1ee5 c\u1ee7a d\u00f9: S\u1eaft h\u1ed9p 60 x 60 d\u00e0y 1.4mm, s\u01a1n t\u0129nh \u0111i\u1ec7n m\u00e0u tr\u1eafng.<\/p>\n<p>&#8211; Thanh nan d\u00f9: S\u1eaft h\u1ed9p 13 x 26 d\u00e0y 1.2mm, s\u01a1n t\u0129nh \u0111i\u1ec7n m\u00e0u tr\u1eafng.<\/p>\n<p>&#8211; B\u00e1t \u0111\u1ee1 nan d\u00f9: Nh\u1ef1a PA \u0111\u00fac kh\u00f4ng b\u1ec3.<\/p>\n<p>&#8211; \u00c1o v\u1ea3i d\u00f9: V\u1ea3i Polyester cao c\u1ea5p d\u00e0y c\u00e1n PU ch\u1ed1ng th\u1ea5m v\u1edbi nhi\u1ec1u m\u00e0u s\u1eafc kh\u00e1c nhau.<\/p>\n<p>&#8211; \u0110\u1ebf d\u00f9: \u0110\u00e1 m\u00e0i \u0111\u01b0\u1ee3c b\u1ecdc th\u00e9p xung quanh, k\u00edch th\u01b0\u1edbc 50cm x 70cm, tr\u1ecdng l\u01b0\u1ee3ng 120kg g\u1eafn 4 b\u00e1nh xe.<\/p>\n<h3><strong>3. THAY \u00c1O V\u1ea2I D\u00d9 V\u00c0 CH\u00c2N \u0110\u1ebe D\u00d9\u00a0 L\u1ec6CH T\u00c2M VU\u00d4NG\u00a01 T\u1ea6NG KI\u1ec2U NGHI\u00caNG<\/strong><strong>\u00a0<\/strong><\/h3>\n<p>D\u00f9 Ph\u00fa M\u1ef9 c\u00f3 d\u1ecbch v\u1ee5 thay \u00e1o d\u00f9 l\u1ec7ch t\u00e2m vu\u00f4ng k\u00edch th\u01b0\u1edbc 2.5mx2.5m, 3mx3m t\u1eadn n\u01a1i. Thay khung v\u00e0 nan d\u00f9 l\u1ec7ch t\u00e2m vu\u00f4ng. Thay b\u00e1nh xe v\u00e0 \u0111\u1ebf d\u00f9 gi\u00e1 r\u1ebb.<\/p>\n","protected":false},"excerpt":{"rendered":"<p>1. TH\u00d4NG S\u1ed0 K\u1ef8 THU\u1eacT D\u00d9 L\u1ec6CH T\u00c2M VU\u00d4NG 1 T\u1ea6NG KI\u1ec2U NGHI\u00caNG\u00a0 Chi\u1ec1u r\u1ed9ng \u00a0Chi\u1ec1u cao Gi\u00e1 d\u00f9 (s\u1eaft s\u01a1n t\u0129nh \u0111i\u1ec7n) 2.5m x 2.5m 2.7m Li\u00ean h\u1ec7 3.0m x 3.0m 2.7m Li\u00ean h\u1ec7 2. CH\u1ea4T LI\u1ec6U V\u00c0 C\u1ea4U T\u1ea0O D\u00d9 L\u1ec6CH T\u00c2M VU\u00d4NG\u00a01 T\u1ea6NG KI\u1ec2U NGHI\u00caNG\u00a0\u00a0 &#8211; K\u1ebft c\u1ea5u\u00a0d\u00f9 l\u1ec7ch t\u00e2m vu\u00f4ng\u00a0c\u00f3 1 [&hellip;]<\/p>\n","protected":false},"featured_media":239,"comment_status":"open","ping_status":"closed","template":"","meta":[],"product_cat":[19],"product_tag":[],"class_list":{"0":"post-238","1":"product","2":"type-product","3":"status-publish","4":"has-post-thumbnail","6":"product_cat-du-che-lech-tam-vuong","8":"first","9":"instock","10":"shipping-taxable","11":"product-type-simple"},"_links":{"self":[{"href":"https:\/\/duchedanang.com\/index.php?rest_route=\/wp\/v2\/product\/238","targetHints":{"allow":["GET"]}}],"collection":[{"href":"https:\/\/duchedanang.com\/index.php?rest_route=\/wp\/v2\/product"}],"about":[{"href":"https:\/\/duchedanang.com\/index.php?rest_route=\/wp\/v2\/types\/product"}],"replies":[{"embeddable":true,"href":"https:\/\/duchedanang.com\/index.php?rest_route=%2Fwp%2Fv2%2Fcomments&post=238"}],"wp:featuredmedia":[{"embeddable":true,"href":"https:\/\/duchedanang.com\/index.php?rest_route=\/wp\/v2\/media\/239"}],"wp:attachment":[{"href":"https:\/\/duchedanang.com\/index.php?rest_route=%2Fwp%2Fv2%2Fmedia&parent=238"}],"wp:term":[{"taxonomy":"product_cat","embeddable":true,"href":"https:\/\/duchedanang.com\/index.php?rest_route=%2Fwp%2Fv2%2Fproduct_cat&post=238"},{"taxonomy":"product_tag","embeddable":true,"href":"https:\/\/duchedanang.com\/index.php?rest_route=%2Fwp%2Fv2%2Fproduct_tag&post=238"}],"curies":[{"name":"wp","href":"https:\/\/api.w.org\/{rel}","templated":true}]}}